{"id":1119,"date":"2018-12-06T21:59:35","date_gmt":"2018-12-06T21:59:35","guid":{"rendered":"https:\/\/hotelsmanagementsolutions.com\/wp\/?page_id=1119"},"modified":"2018-12-06T22:02:40","modified_gmt":"2018-12-06T22:02:40","slug":"equipamientos-y-servicios-informaticos","status":"publish","type":"page","link":"https:\/\/hotelsmanagementsolutions.com\/wp\/es\/equipamientos-y-servicios-informaticos\/","title":{"rendered":"Equipamientos y Servicios Inform\u00e1ticos"},"content":{"rendered":"<div id=\"pl-1119\"  class=\"panel-layout\" ><div id=\"pg-1119-0\"  class=\"panel-grid panel-has-style\" ><div class=\"so-parallax panel-row-style panel-row-style-for-1119-0\" ><img width=\"1920\" height=\"720\" src=\"https:\/\/hotelsmanagementsolutions.com\/wp\/wp-content\/uploads\/2018\/10\/data-center-parallax.jpg\" class=\"attachment-full size-full\" alt=\"\" decoding=\"async\" loading=\"eager\" data-siteorigin-parallax=\"true\" srcset=\"https:\/\/hotelsmanagementsolutions.com\/wp\/wp-content\/uploads\/2018\/10\/data-center-parallax.jpg 1920w, https:\/\/hotelsmanagementsolutions.com\/wp\/wp-content\/uploads\/2018\/10\/data-center-parallax-300x113.jpg 300w, https:\/\/hotelsmanagementsolutions.com\/wp\/wp-content\/uploads\/2018\/10\/data-center-parallax-768x288.jpg 768w, https:\/\/hotelsmanagementsolutions.com\/wp\/wp-content\/uploads\/2018\/10\/data-center-parallax-1024x384.jpg 1024w\" sizes=\"(max-width: 1920px) 100vw, 1920px\" \/><div id=\"pgc-1119-0-0\"  class=\"panel-grid-cell\" ><div id=\"panel-1119-0-0-0\" class=\"so-panel widget widget_themegrill_flash_heading tg-widget section-title-wrapper panel-first-child panel-last-child\" data-index=\"0\" ><div class=\"flash_inherit_color panel-widget-style panel-widget-style-for-1119-0-0-0\" >\t<h3 class=\"section-title\">En HMS contamos con un equipo de programaci\u00f3n y dise\u00f1o de plataformas especializados en hoteles y alojamientos tur\u00edsticos adaptando cada una de las funcionalidades en tiempo r\u00e9cord.<\/h3>\n<\/div><\/div><\/div><\/div><\/div><div id=\"pg-1119-1\"  class=\"panel-grid panel-has-style\" ><div class=\"panel-row-style panel-row-style-for-1119-1\" ><div id=\"pgc-1119-1-0\"  class=\"panel-grid-cell panel-grid-cell-empty\" ><\/div><\/div><\/div><div id=\"pg-1119-2\"  class=\"panel-grid panel-no-style\" ><div id=\"pgc-1119-2-0\"  class=\"panel-grid-cell\" ><div id=\"panel-1119-2-0-0\" class=\"so-panel widget widget_sow-editor panel-first-child\" data-index=\"1\" ><div\n\t\t\t\n\t\t\tclass=\"so-widget-sow-editor so-widget-sow-editor-base\"\n\t\t\t\n\t\t><h3 class=\"widget-title\">IP TV<\/h3>\n<div class=\"siteorigin-widget-tinymce textwidget\">\n\t<p>Sistemas de TV para hoteles, resorts tur\u00edsticos, apartamentos y alojamientos locales.<\/p>\n<\/div>\n<\/div><\/div><div id=\"panel-1119-2-0-1\" class=\"so-panel widget widget_sow-editor panel-last-child\" data-index=\"2\" ><div\n\t\t\t\n\t\t\tclass=\"so-widget-sow-editor so-widget-sow-editor-base\"\n\t\t\t\n\t\t><h3 class=\"widget-title\">Equipos Inform\u00e1ticos y Sistemas<\/h3>\n<div class=\"siteorigin-widget-tinymce textwidget\">\n\t<p>Sistemas POS, servidores y redes Wifi<\/p>\n<\/div>\n<\/div><\/div><\/div><div id=\"pgc-1119-2-1\"  class=\"panel-grid-cell\" ><div id=\"panel-1119-2-1-0\" class=\"so-panel widget widget_sow-editor panel-first-child panel-last-child\" data-index=\"3\" ><div\n\t\t\t\n\t\t\tclass=\"so-widget-sow-editor so-widget-sow-editor-base\"\n\t\t\t\n\t\t><h3 class=\"widget-title\">Booking System<\/h3>\n<div class=\"siteorigin-widget-tinymce textwidget\">\n\t<p>Sistema de reservas para Hosteler\u00eda.<\/p>\n<\/div>\n<\/div><\/div><\/div><\/div><\/div>","protected":false},"excerpt":{"rendered":"<p>En HMS contamos con un equipo de programaci\u00f3n y dise\u00f1o de plataformas especializados en hoteles y alojamientos tur\u00edsticos adaptando cada [&hellip;]<\/p>\n","protected":false},"author":2,"featured_media":0,"parent":0,"menu_order":0,"comment_status":"closed","ping_status":"closed","template":"","meta":[],"_links":{"self":[{"href":"https:\/\/hotelsmanagementsolutions.com\/wp\/wp-json\/wp\/v2\/pages\/1119"}],"collection":[{"href":"https:\/\/hotelsmanagementsolutions.com\/wp\/wp-json\/wp\/v2\/pages"}],"about":[{"href":"https:\/\/hotelsmanagementsolutions.com\/wp\/wp-json\/wp\/v2\/types\/page"}],"author":[{"embeddable":true,"href":"https:\/\/hotelsmanagementsolutions.com\/wp\/wp-json\/wp\/v2\/users\/2"}],"replies":[{"embeddable":true,"href":"https:\/\/hotelsmanagementsolutions.com\/wp\/wp-json\/wp\/v2\/comments?post=1119"}],"version-history":[{"count":4,"href":"https:\/\/hotelsmanagementsolutions.com\/wp\/wp-json\/wp\/v2\/pages\/1119\/revisions"}],"predecessor-version":[{"id":1123,"href":"https:\/\/hotelsmanagementsolutions.com\/wp\/wp-json\/wp\/v2\/pages\/1119\/revisions\/1123"}],"wp:attachment":[{"href":"https:\/\/hotelsmanagementsolutions.com\/wp\/wp-json\/wp\/v2\/media?parent=1119"}],"curies":[{"name":"wp","href":"https:\/\/api.w.org\/{rel}","templated":true}]}}