{"id":1126,"date":"2018-12-06T22:04:09","date_gmt":"2018-12-06T22:04:09","guid":{"rendered":"https:\/\/hotelsmanagementsolutions.com\/wp\/?page_id=1126"},"modified":"2018-12-06T22:04:09","modified_gmt":"2018-12-06T22:04:09","slug":"formacion","status":"publish","type":"page","link":"https:\/\/hotelsmanagementsolutions.com\/wp\/es\/formacion\/","title":{"rendered":"Formaci\u00f3n"},"content":{"rendered":"<div id=\"pl-1126\"  class=\"panel-layout\" ><div id=\"pg-1126-0\"  class=\"panel-grid panel-has-style\" ><div class=\"so-parallax panel-row-style panel-row-style-for-1126-0\" ><img width=\"1920\" height=\"720\" src=\"https:\/\/hotelsmanagementsolutions.com\/wp\/wp-content\/uploads\/2018\/10\/main_visual06.jpg\" class=\"attachment-full size-full\" alt=\"\" decoding=\"async\" loading=\"eager\" data-siteorigin-parallax=\"true\" srcset=\"https:\/\/hotelsmanagementsolutions.com\/wp\/wp-content\/uploads\/2018\/10\/main_visual06.jpg 1920w, https:\/\/hotelsmanagementsolutions.com\/wp\/wp-content\/uploads\/2018\/10\/main_visual06-300x113.jpg 300w, https:\/\/hotelsmanagementsolutions.com\/wp\/wp-content\/uploads\/2018\/10\/main_visual06-768x288.jpg 768w, https:\/\/hotelsmanagementsolutions.com\/wp\/wp-content\/uploads\/2018\/10\/main_visual06-1024x384.jpg 1024w\" sizes=\"(max-width: 1920px) 100vw, 1920px\" \/><div id=\"pgc-1126-0-0\"  class=\"panel-grid-cell\" ><div id=\"panel-1126-0-0-0\" class=\"so-panel widget widget_themegrill_flash_heading tg-widget section-title-wrapper panel-first-child panel-last-child\" data-index=\"0\" >\t<h3 class=\"section-title\">Ofrecemos programas de menor a mayor grado de formaci\u00f3n y training aplicado a todas las \u00e1reas y departamentos de un alojamiento tur\u00edstico. La calidad profesional acaba por ser el motor de nuestros mejores resultados.<\/h3>\n<\/div><\/div><\/div><\/div><\/div>","protected":false},"excerpt":{"rendered":"<p>Ofrecemos programas de menor a mayor grado de formaci\u00f3n y training aplicado a todas las \u00e1reas y departamentos de un [&hellip;]<\/p>\n","protected":false},"author":2,"featured_media":0,"parent":0,"menu_order":0,"comment_status":"closed","ping_status":"closed","template":"","meta":[],"_links":{"self":[{"href":"https:\/\/hotelsmanagementsolutions.com\/wp\/wp-json\/wp\/v2\/pages\/1126"}],"collection":[{"href":"https:\/\/hotelsmanagementsolutions.com\/wp\/wp-json\/wp\/v2\/pages"}],"about":[{"href":"https:\/\/hotelsmanagementsolutions.com\/wp\/wp-json\/wp\/v2\/types\/page"}],"author":[{"embeddable":true,"href":"https:\/\/hotelsmanagementsolutions.com\/wp\/wp-json\/wp\/v2\/users\/2"}],"replies":[{"embeddable":true,"href":"https:\/\/hotelsmanagementsolutions.com\/wp\/wp-json\/wp\/v2\/comments?post=1126"}],"version-history":[{"count":2,"href":"https:\/\/hotelsmanagementsolutions.com\/wp\/wp-json\/wp\/v2\/pages\/1126\/revisions"}],"predecessor-version":[{"id":1128,"href":"https:\/\/hotelsmanagementsolutions.com\/wp\/wp-json\/wp\/v2\/pages\/1126\/revisions\/1128"}],"wp:attachment":[{"href":"https:\/\/hotelsmanagementsolutions.com\/wp\/wp-json\/wp\/v2\/media?parent=1126"}],"curies":[{"name":"wp","href":"https:\/\/api.w.org\/{rel}","templated":true}]}}