{"id":528,"date":"2018-08-05T08:54:56","date_gmt":"2018-08-05T08:54:56","guid":{"rendered":"https:\/\/hotelsmanagementsolutions.com\/wp\/?page_id=528"},"modified":"2018-10-24T20:27:48","modified_gmt":"2018-10-24T20:27:48","slug":"solucoes","status":"publish","type":"page","link":"https:\/\/hotelsmanagementsolutions.com\/wp\/pt\/solucoes\/","title":{"rendered":"SOLU\u00c7\u00d5ES"},"content":{"rendered":"<div id=\"pl-528\"  class=\"panel-layout\" ><div id=\"pg-528-0\"  class=\"panel-grid panel-has-style\" ><div class=\"panel-row-style panel-row-style-for-528-0\" ><div id=\"pgc-528-0-0\"  class=\"panel-grid-cell\" ><div id=\"panel-528-0-0-0\" class=\"so-panel widget widget_themegrill_flash_heading tg-widget section-title-wrapper panel-first-child panel-last-child\" data-index=\"0\" ><div class=\"so-parallax flash_inherit_color panel-widget-style panel-widget-style-for-528-0-0-0\" ><img width=\"1920\" height=\"720\" src=\"https:\/\/hotelsmanagementsolutions.com\/wp\/wp-content\/uploads\/2018\/10\/Sem-T\u00edtulo-3.jpg\" class=\"attachment-full size-full\" alt=\"\" decoding=\"async\" loading=\"eager\" data-siteorigin-parallax=\"true\" srcset=\"https:\/\/hotelsmanagementsolutions.com\/wp\/wp-content\/uploads\/2018\/10\/Sem-T\u00edtulo-3.jpg 1920w, https:\/\/hotelsmanagementsolutions.com\/wp\/wp-content\/uploads\/2018\/10\/Sem-T\u00edtulo-3-300x113.jpg 300w, https:\/\/hotelsmanagementsolutions.com\/wp\/wp-content\/uploads\/2018\/10\/Sem-T\u00edtulo-3-768x288.jpg 768w, https:\/\/hotelsmanagementsolutions.com\/wp\/wp-content\/uploads\/2018\/10\/Sem-T\u00edtulo-3-1024x384.jpg 1024w\" sizes=\"(max-width: 1920px) 100vw, 1920px\" \/>\t<h3 class=\"section-title\">HMS<\/h3>\n\t<div class=\"section-description\">\u00c9 una empresa de servi\u00e7os de outsourcing para hot\u00e9is e alojamento local.<\/div>\n<\/div><\/div><\/div><\/div><\/div><div id=\"pg-528-1\"  class=\"panel-grid panel-has-style\" ><div class=\"panel-row-style panel-row-style-for-528-1\" ><div id=\"pgc-528-1-0\"  class=\"panel-grid-cell\" ><div id=\"panel-528-1-0-0\" class=\"so-panel widget widget_text panel-first-child panel-last-child\" data-index=\"1\" >\t\t\t<div class=\"textwidget\"><p>Entre as vantagens que oferecemos aos hot\u00e9is com o nosso servi\u00e7o destacamos: convers\u00e3o de custos fixos em vari\u00e1veis ??(fatura\u00e7\u00e3o de quartos limpos), otimiza\u00e7\u00e3o de recursos humanos (Housekkeping desaparece do passivo laboral), aumento da qualidade do servi\u00e7o (somos especialistas), melhorando a competitividade do seu neg\u00f3cio (a empresa pode concentrar-se no seu &#8220;core business&#8221;).<\/p>\n<\/div>\n\t\t<\/div><\/div><\/div><\/div><\/div>","protected":false},"excerpt":{"rendered":"<p>Entre as vantagens que oferecemos aos hot\u00e9is com o nosso servi\u00e7o destacamos: convers\u00e3o de custos fixos em vari\u00e1veis ??(fatura\u00e7\u00e3o de [&hellip;]<\/p>\n","protected":false},"author":1,"featured_media":0,"parent":0,"menu_order":0,"comment_status":"closed","ping_status":"closed","template":"","meta":[],"_links":{"self":[{"href":"https:\/\/hotelsmanagementsolutions.com\/wp\/wp-json\/wp\/v2\/pages\/528"}],"collection":[{"href":"https:\/\/hotelsmanagementsolutions.com\/wp\/wp-json\/wp\/v2\/pages"}],"about":[{"href":"https:\/\/hotelsmanagementsolutions.com\/wp\/wp-json\/wp\/v2\/types\/page"}],"author":[{"embeddable":true,"href":"https:\/\/hotelsmanagementsolutions.com\/wp\/wp-json\/wp\/v2\/users\/1"}],"replies":[{"embeddable":true,"href":"https:\/\/hotelsmanagementsolutions.com\/wp\/wp-json\/wp\/v2\/comments?post=528"}],"version-history":[{"count":36,"href":"https:\/\/hotelsmanagementsolutions.com\/wp\/wp-json\/wp\/v2\/pages\/528\/revisions"}],"predecessor-version":[{"id":901,"href":"https:\/\/hotelsmanagementsolutions.com\/wp\/wp-json\/wp\/v2\/pages\/528\/revisions\/901"}],"wp:attachment":[{"href":"https:\/\/hotelsmanagementsolutions.com\/wp\/wp-json\/wp\/v2\/media?parent=528"}],"curies":[{"name":"wp","href":"https:\/\/api.w.org\/{rel}","templated":true}]}}