{"id":595,"date":"2018-10-10T21:37:57","date_gmt":"2018-10-10T21:37:57","guid":{"rendered":"https:\/\/hotelsmanagementsolutions.com\/wp\/?page_id=595"},"modified":"2018-12-06T21:34:43","modified_gmt":"2018-12-06T21:34:43","slug":"servicos-de-limpeza","status":"publish","type":"page","link":"https:\/\/hotelsmanagementsolutions.com\/wp\/pt\/servicos-de-limpeza\/","title":{"rendered":"Servi\u00e7os de limpeza"},"content":{"rendered":"<div id=\"pl-595\"  class=\"panel-layout\" ><div id=\"pg-595-0\"  class=\"panel-grid panel-no-style\" ><div id=\"pgc-595-0-0\"  class=\"panel-grid-cell\" ><div id=\"panel-595-0-0-0\" class=\"so-panel widget widget_themegrill_flash_heading tg-widget section-title-wrapper panel-first-child panel-last-child\" data-index=\"0\" >\t<h3 class=\"section-title\">As melhores garantias do nosso servi\u00e7o s\u00e3o nossas refer\u00eancias no setor.<\/h3>\n\t<div class=\"section-description\">Entre as vantagens que oferecemos aos hot\u00e9is com o nosso servi\u00e7o destacamos: convers\u00e3o de custos fixos em vari\u00e1veis (fatura\u00e7\u00e3o de quartos limpos), otimiza\u00e7\u00e3o de recursos humanos (Housekkeping desaparece do passivo laboral), aumento da qualidade do servi\u00e7o (somos especialistas), melhorando a competitividade do seu neg\u00f3cio (a empresa pode concentrar-se no seu &quot;core business&quot;):<\/div>\n<\/div><\/div><\/div><div id=\"pg-595-1\"  class=\"panel-grid panel-no-style\" ><div id=\"pgc-595-1-0\"  class=\"panel-grid-cell\" ><div id=\"panel-595-1-0-0\" class=\"so-panel widget widget_themegrill_flash_service tg-widget tg-single-service panel-first-child panel-last-child\" data-index=\"1\" >\n<div class=\"tg-service-widget tg-service-layout-1\">\n\t<div class=\"service-wrapper\">\n\t\t<div class=\"service-icon-title-wrapper clearfix\">\n\t\t\t\t\t\t<div class=\"service-icon-wrap\"><i class=\"fa fa-toggle-on\"><\/i><\/div>\n\t\t\t\t\t\t\t\t\t\t\t\t<h3 class=\"service-title-wrap\">\n\t\t\t\tLimpeza de quartos\t\t\t\t\t\t\t<\/h3>\n\t\t\t\t\t<\/div>\n\t\t\t\t\t<\/div>\n<\/div>\n<\/div><\/div><div id=\"pgc-595-1-1\"  class=\"panel-grid-cell\" ><div id=\"panel-595-1-1-0\" class=\"so-panel widget widget_themegrill_flash_service tg-widget tg-single-service panel-first-child panel-last-child\" data-index=\"2\" >\n<div class=\"tg-service-widget tg-service-layout-1\">\n\t<div class=\"service-wrapper\">\n\t\t<div class=\"service-icon-title-wrapper clearfix\">\n\t\t\t\t\t\t<div class=\"service-icon-wrap\"><i class=\"fa fa-toggle-on\"><\/i><\/div>\n\t\t\t\t\t\t\t\t\t\t\t\t<h3 class=\"service-title-wrap\">\n\t\t\t\tDepartamento de Lavandaria\t\t\t\t\t\t\t<\/h3>\n\t\t\t\t\t<\/div>\n\t\t\t\t\t<\/div>\n<\/div>\n<\/div><\/div><div id=\"pgc-595-1-2\"  class=\"panel-grid-cell\" ><div id=\"panel-595-1-2-0\" class=\"so-panel widget widget_themegrill_flash_service tg-widget tg-single-service panel-first-child panel-last-child\" data-index=\"3\" >\n<div class=\"tg-service-widget tg-service-layout-1\">\n\t<div class=\"service-wrapper\">\n\t\t<div class=\"service-icon-title-wrapper clearfix\">\n\t\t\t\t\t\t<div class=\"service-icon-wrap\"><i class=\"fa fa-toggle-on\"><\/i><\/div>\n\t\t\t\t\t\t\t\t\t\t\t\t<h3 class=\"service-title-wrap\">\n\t\t\t\tLimpeza de \u00e1reas\t\t\t\t\t\t\t<\/h3>\n\t\t\t\t\t<\/div>\n\t\t\t\t\t<\/div>\n<\/div>\n<\/div><\/div><\/div><div id=\"pg-595-2\"  class=\"panel-grid panel-has-style\" ><div class=\"panel-row-style panel-row-style-for-595-2\" ><div id=\"pgc-595-2-0\"  class=\"panel-grid-cell\" ><div id=\"panel-595-2-0-0\" class=\"so-panel widget widget_themegrill_flash_service tg-widget tg-single-service panel-first-child panel-last-child\" data-index=\"4\" >\n<div class=\"tg-service-widget tg-service-layout-1\">\n\t<div class=\"service-wrapper\">\n\t\t<div class=\"service-icon-title-wrapper clearfix\">\n\t\t\t\t\t\t<div class=\"service-icon-wrap\"><i class=\"fa fa-toggle-on\"><\/i><\/div>\n\t\t\t\t\t\t\t\t\t\t\t\t<h3 class=\"service-title-wrap\">\n\t\t\t\tDepartamento de Supervis\u00e3o\t\t\t\t\t\t\t<\/h3>\n\t\t\t\t\t<\/div>\n\t\t\t\t\t<\/div>\n<\/div>\n<\/div><\/div><div id=\"pgc-595-2-1\"  class=\"panel-grid-cell\" ><div id=\"panel-595-2-1-0\" class=\"so-panel widget widget_themegrill_flash_service tg-widget tg-single-service panel-first-child panel-last-child\" data-index=\"5\" >\n<div class=\"tg-service-widget tg-service-layout-1\">\n\t<div class=\"service-wrapper\">\n\t\t<div class=\"service-icon-title-wrapper clearfix\">\n\t\t\t\t\t\t<div class=\"service-icon-wrap\"><i class=\"fa fa-toggle-on\"><\/i><\/div>\n\t\t\t\t\t\t\t\t\t\t\t\t<h3 class=\"service-title-wrap\">\n\t\t\t\tAmenities e Equipamentos\t\t\t\t\t\t\t<\/h3>\n\t\t\t\t\t<\/div>\n\t\t\t\t\t<\/div>\n<\/div>\n<\/div><\/div><div id=\"pgc-595-2-2\"  class=\"panel-grid-cell\" ><div id=\"panel-595-2-2-0\" class=\"so-panel widget widget_themegrill_flash_service tg-widget tg-single-service panel-first-child panel-last-child\" data-index=\"6\" >\n<div class=\"tg-service-widget tg-service-layout-1\">\n\t<div class=\"service-wrapper\">\n\t\t<div class=\"service-icon-title-wrapper clearfix\">\n\t\t\t\t\t\t<div class=\"service-icon-wrap\"><i class=\"fa fa-toggle-on\"><\/i><\/div>\n\t\t\t\t\t\t\t\t\t\t\t\t<h3 class=\"service-title-wrap\">\n\t\t\t\tForma\u00e7\u00e3o\t\t\t\t\t\t\t<\/h3>\n\t\t\t\t\t<\/div>\n\t\t\t\t\t<\/div>\n<\/div>\n<\/div><\/div><\/div><\/div><div id=\"pg-595-3\"  class=\"panel-grid panel-has-style\" ><div class=\"panel-row-style panel-row-style-for-595-3\" ><div id=\"pgc-595-3-0\"  class=\"panel-grid-cell\" ><div id=\"panel-595-3-0-0\" class=\"so-panel widget widget_themegrill_flash_heading tg-widget section-title-wrapper panel-first-child panel-last-child\" data-index=\"7\" >\t<h3 class=\"section-title\">Nosso metodo de analise e baseado em 3 passos.<\/h3>\n<\/div><\/div><\/div><\/div><div id=\"pg-595-4\"  class=\"panel-grid panel-has-style\" ><div class=\"panel-row-style panel-row-style-for-595-4\" ><div id=\"pgc-595-4-0\"  class=\"panel-grid-cell\" ><div id=\"panel-595-4-0-0\" class=\"so-panel widget widget_text panel-first-child panel-last-child\" data-index=\"8\" ><h3 class=\"widget-title\">FAZEMOS UM ESTUDO DE VIABILIDADE COMPLETO<\/h3>\t\t\t<div class=\"textwidget\"><p class=\"Standard\"><span style=\"font-family: 'Arial',sans-serif; color: #222222;\">Basta fornecer-nos as informa\u00e7\u00f5es necess\u00e1rias e analisaremos para si:<\/span><\/p>\n<ul>\n<li class=\"Standard\"><span style=\"font-family: 'Arial',sans-serif; color: #222222;\">Custos de limpeza<\/span><\/li>\n<li class=\"Standard\"><span style=\"font-family: 'Arial',sans-serif; color: #222222;\">Custos de consum\u00edveis<\/span><\/li>\n<li class=\"Standard\"><span style=\"font-family: 'Arial',sans-serif; color: #222222;\">Custos de lavandaria<\/span><\/li>\n<li class=\"Standard\"><span style=\"font-family: 'Arial',sans-serif; color: #222222;\">Numero de quartos ocupados<\/span><\/li>\n<\/ul>\n<\/div>\n\t\t<\/div><\/div><div id=\"pgc-595-4-1\"  class=\"panel-grid-cell\" ><div id=\"panel-595-4-1-0\" class=\"so-panel widget widget_text panel-first-child panel-last-child\" data-index=\"9\" ><h3 class=\"widget-title\">DAMOS FORMA\u00c7\u00c3O \u00c0 SUA EQUIPA<\/h3>\t\t\t<div class=\"textwidget\"><p class=\"Standard\"><span style=\"font-family: 'Arial',sans-serif; color: #222222;\">A forma\u00e7\u00e3o de pessoal \u00e9 essencial para assegurar a qualidade do trabalho e reduzir custos.<\/span><\/p>\n<p class=\"Standard\"><span style=\"font-family: 'Arial',sans-serif; color: #222222;\">A experi\u00eancia acumulada pela HMS permite-nos proporcionar forma\u00e7\u00e3o de alto n\u00edvel, perfeitamente adaptada \u00e0s necessidades da sua empresa.<\/span><\/p>\n<\/div>\n\t\t<\/div><\/div><div id=\"pgc-595-4-2\"  class=\"panel-grid-cell\" ><div id=\"panel-595-4-2-0\" class=\"so-panel widget widget_text panel-first-child panel-last-child\" data-index=\"10\" ><h3 class=\"widget-title\">PAGUE POR CADA QUARTO OCUPADO<\/h3>\t\t\t<div class=\"textwidget\"><p>A\u00a0 HMS encarregar-se-\u00e1:<\/p>\n<ul>\n<li>da limpeza de quartos e de \u00e1reas comuns<\/li>\n<li>dos produtos qu\u00edmicos<\/li>\n<li>dos produtos de limpeza<\/li>\n<\/ul>\n<\/div>\n\t\t<\/div><\/div><\/div><\/div><div id=\"pg-595-5\"  class=\"panel-grid panel-no-style\" ><div id=\"pgc-595-5-0\"  class=\"panel-grid-cell\" ><\/div><\/div><\/div>","protected":false},"excerpt":{"rendered":"<p>As melhores garantias do nosso servi\u00e7o s\u00e3o nossas refer\u00eancias no setor. Entre as vantagens que oferecemos aos hot\u00e9is com o [&hellip;]<\/p>\n","protected":false},"author":1,"featured_media":0,"parent":0,"menu_order":0,"comment_status":"closed","ping_status":"closed","template":"","meta":[],"_links":{"self":[{"href":"https:\/\/hotelsmanagementsolutions.com\/wp\/wp-json\/wp\/v2\/pages\/595"}],"collection":[{"href":"https:\/\/hotelsmanagementsolutions.com\/wp\/wp-json\/wp\/v2\/pages"}],"about":[{"href":"https:\/\/hotelsmanagementsolutions.com\/wp\/wp-json\/wp\/v2\/types\/page"}],"author":[{"embeddable":true,"href":"https:\/\/hotelsmanagementsolutions.com\/wp\/wp-json\/wp\/v2\/users\/1"}],"replies":[{"embeddable":true,"href":"https:\/\/hotelsmanagementsolutions.com\/wp\/wp-json\/wp\/v2\/comments?post=595"}],"version-history":[{"count":47,"href":"https:\/\/hotelsmanagementsolutions.com\/wp\/wp-json\/wp\/v2\/pages\/595\/revisions"}],"predecessor-version":[{"id":1101,"href":"https:\/\/hotelsmanagementsolutions.com\/wp\/wp-json\/wp\/v2\/pages\/595\/revisions\/1101"}],"wp:attachment":[{"href":"https:\/\/hotelsmanagementsolutions.com\/wp\/wp-json\/wp\/v2\/media?parent=595"}],"curies":[{"name":"wp","href":"https:\/\/api.w.org\/{rel}","templated":true}]}}